{"id":911,"date":"2016-09-13T15:20:55","date_gmt":"2016-09-13T13:20:55","guid":{"rendered":"http:\/\/www.comunicatistampa.net\/comunicati\/?page_id=911"},"modified":"2016-11-06T20:17:52","modified_gmt":"2016-11-06T18:17:52","slug":"faq","status":"publish","type":"page","link":"https:\/\/www.comunicatistampa.net\/comunicati\/faq\/","title":{"rendered":"FAQ &#8211; Le risposte alle domande pi\u00f9 frequenti su ComunicatiStampa.net"},"content":{"rendered":"<h3 style=\"text-align: center;\"><\/h3>\n<p style=\"text-align: center;\"><a href=\"http:\/\/www.comunicatistampa.net\/comunicati\/wp-content\/uploads\/2015\/03\/agency-abbonamento-comunicati-stampa.gif\"><img decoding=\"async\" class=\"alignnone wp-image-471\" src=\"http:\/\/www.comunicatistampa.net\/comunicati\/wp-content\/uploads\/2015\/03\/agency-abbonamento-comunicati-stampa.gif\" alt=\"Agency Abbonamento Comunicati Stampa\" width=\"466\" height=\"326\" \/><\/a><\/p>\n<p style=\"text-align: right;\">.<\/p>\n<p><strong>D: COME FUNZIONA IL SERVIZIO? COSA SUCCEDE DOPO IL PAGAMENTO?<\/strong><\/p>\n<p>R: Dopo il pagamento ti verranno specificati i semplici passi per inviare il tuo comunicato stampa tramite il nostro servizio.<\/p>\n<p>Entro le 24 ore successive il tuo comunicato sar\u00e0 sottoposto a revisione ed invio da parte del nostro team di professionisti.<\/p>\n<p>Controlleremo minuziosamente il tuo comunicato, lo miglioreremo per quanto possibile, nello stile e nel titolo, in modo da renderlo \u201cprofessionale\u201d, presentarlo in maniera corretta alle redazioni e cercare di attirare quanta pi\u00f9 attenzione possibile da parte dei media.<\/p>\n<p><strong>D: CI SONO DEI RISULTATI MINIMI DI PUBBLICAZIONE? QUALI RISULTATI OTTERR\u00d2?<\/strong><\/p>\n<p>R: Se il tuo comunicato stampa contiene una notizia interessante ci sono tutti i presupposti affinch\u00e9 i media possano riprendere la tua notizia.<\/p>\n<p>Riguardo i risultati che puoi ottenere da un invio la nostra esperienza ci dice che se hai una notizia interessante da distribuire ai media grazie al nostro servizio puoi aspettarti dei buoni riscontri di pubblicazione sia sui giornali cartacei che siti web. Se invece hai una notizia \u201cdebole\u201d i risultati saranno minori anche se comunque un minimo di ritorno in pubblicazioni solitamente lo riscontriamo quasi sempre.<\/p>\n<p>\u00c8 difficile prevedere in anticipo i risultati di un invio ma se hai qualcosa di interessante che vuoi far sapere ai media utilizzando ComunicatiStampa.net di sicuro sei sulla strada pi\u00f9 giusta per il successo della tua notizia.<\/p>\n<p>Questo perch\u00e9 ComunicatiStampa.net \u00e8 il primo ed\u00a0unico servizio in Italia sia per la revisione dei testi del comunicato che per l&#8217;efficacia del sistema di distribuzione dei comunicati che ti permette di inviare comunicati stampa efficaci ai media in maniera facile e veloce, senza fatiche e senza inutili perdite di tempo.<\/p>\n<p>A prova dell\u2019efficienza del nostro servizio ti invitiamo a leggere alcuni dei nostri casi studio e di successo:\u00a0<a href=\"http:\/\/www.comunicatistampa.net\/comunicati\/category\/casi-studio-risultati-ottenuti\" target=\"_blank\">http:\/\/www.comunicatistampa.net\/comunicati\/category\/casi-studio-risultati-ottenuti<\/a>\u00a0.<\/p>\n<p><strong>D: POSSO FIDARMI DI VOI?<\/strong><\/p>\n<p>R: Centinaia di clienti che gi\u00e0 ci conoscono, che hanno toccato con mano e che hanno visto con i loro occhi la seriet\u00e0 e la professionalit\u00e0 del nostro servizio sanno che posso fidarsi di noi.<\/p>\n<p>I nostri clienti ci amano perch\u00e9 sanno che cerchiamo sempre di dare il massimo per loro.<\/p>\n<p>Abbiamo creato questo servizio e siamo qui perch\u00e9 vogliamo facilitarti la vita ed aiutarti ad ottenere pi\u00f9 risultati possibili inviando nel modo giusto i tuoi comunicati a tutti i media italiani, facendoti risparmiare tempo e fatica.<\/p>\n<p>Con noi ci sono professionisti che inviano comunicati stampa da 20 anni ed abbiamo creato questo servizio perch\u00e9 vogliamo aiutarti a comunicare nel giusto modo con i media, con la massima seriet\u00e0 possibile.<\/p>\n<p>Tutti i nostri clienti sanno che di noi ci si pu\u00f2 fidare perch\u00e9 hanno potuto sentire e provare in prima persona la qualit\u00e0 del nostro lavoro e della nostra assistenza.<\/p>\n<p>Leggi tu stesso le opinioni e le email entusiaste inviateci spontaneamente dai nostri clienti super soddisfatti:\u00a0<a href=\"http:\/\/www.comunicatistampa.net\/comunicati\/testimonianze\/\" target=\"_blank\">http:\/\/www.comunicatistampa.net\/comunicati\/testimonianze<\/a>\u00a0.<\/p>\n<p><strong>D:\u00a0 POSSO FIDARMI DEI VOSTRI SISTEMI DI PAGAMENTO?<\/strong><\/p>\n<p>R: Si puoi fidarti di sicuro perch\u00e9 le pagine e le finestre che usiamo per i pagamenti usano sistemi di cifratura che proteggono la tua carta di credito e rendono sicuro il tuo pagamento.<\/p>\n<p>Questo perch\u00e9 abbiamo scelto per processare i pagamenti con le carte di credito le migliori 2 aziende al mondo in fatto di pagamenti online, cio\u00e8 Paypal e Stripe, che utilizzano per tutte le loro transazioni solo finestre, popup, pagine e collegamenti cifrati per proteggere i pagamenti dei nostri clienti nella massima sicurezza possibile.<\/p>\n<p>In alternativa puoi fare un bonifico e per velocizzare l\u2019invio del comunicato puoi inviarci uno screenshot del\u00a0tuo pagamento.<\/p>\n<p><strong>D: DOPO QUANTO TEMPO PUBBLICANO LA MIA NOTIZIA?<\/strong><\/p>\n<p>R: Non ci sono tempi certi e predefiniti. Se la tua notizia interessa dopo poche ore potrai gi\u00e0 trovarla pubblicata sui giornali online, e solitamente le pubblicazioni seguono anche nei giorni a venire sia sui giornali cartacei e siti web che nei periodici cartacei nel mese successivo all&#8217;invio.<\/p>\n<p>Riguardo la misurazione dei risultati del tuo invio\u00a0tieni\u00a0presente che sebbene i primi risultati possono arrivare gi\u00e0<br \/>\ndopo solo poche ore dall&#8217;invio del comunicato devi\u00a0\u00a0attendere almento 5\/7 giorni lavorativi prima di\u00a0poter cominciare a trarre le prime conclusioni.<\/p>\n<p><strong>D: COME FACCIO A CONTROLLARE CHI HA PUBBLICATO LA MIA NOTIZIA?<\/strong><\/p>\n<p>R: Abbiamo scritto un articolo sul nostro blog \u201c<a href=\"http:\/\/www.comunicatistampa.net\/blog\/come-fare-una-rassegna-stampa\/\" target=\"_blank\">Come fare una rassegna stampa<\/a>\u201c, ti consigliamo di leggerlo per misurare\u00a0gli effetti delle tue campagne di comunicazione.<\/p>\n<p><strong>D: SI POSSONO PUBBLICARE TUTTI I TIPI DI COMUNICATI STAMPA?<\/strong><\/p>\n<p>R: Si se hai una notizia che rispetta gli standard di qualit\u00e0 richiesti dal nostro sito e se il tuo comunicato stampa contiene una notizia\u00a0veritiera ed attendibile.<\/p>\n<p><strong>D: QUALI SONO I PREZZI DI DIFFUSIONE DEI COMUNICATI STAMPA?<\/strong><\/p>\n<p>R: Per conoscere i prezzi aggiornati e le offerte del giorno per la distribuzione dei comunicati stampa devi andare su\u00a0<a href=\"http:\/\/www.comunicatistampa.net\/invio\" target=\"_blank\">www.comunicatistampa.net\/invio<\/a>\u00a0e cliccare sul bottone giallo: inserendo la tua email ti apparir\u00e0 la pagina dei vari pack ed abbonamenti disponibili (proteggiamo con i massimi sistemi di sicurezza la tua email e non la cederemo mai a nessuno).<\/p>\n<p>Sono a tua disposizione sia pack di acquisto di singoli comunicati, \u00a0per chi ne invia sporadicamente, e sia abbonamenti mensili per chi ne invia con regolarit\u00e0, come professionisti o agenzie, in modo da venire incontro alle varie esigenze economiche e di frequenza di invio di ognuno.<\/p>\n<p><strong>D: SE COMPRO 1 o 3 COMUNICATI STAMPA ENTRO QUANTO TEMPO DOVR\u00d2 INVIARLI?<\/strong><\/p>\n<p>R: Non poniamo nessun limite di tempo all\u2019invio dei tuoi comunicati stampa. Tuttavia abbiamo impostato\u00a0un periodo standard nei nostri sistemi di 1 anno di tempo dall\u2019acquisto, rinnovabile nel caso dopo 1 anno non hai ancora consumato i comunicati stampa comprati.<\/p>\n<p><strong>D: DA QUANDO PARTONO GLI ABBONAMENTI?<\/strong><\/p>\n<p>R: Ogni abbonamento parte dal giorno di sottoscrizione e si rinnova ogni 30 giorni in automatico.<\/p>\n<p>Puoi gestire tu stesso in autonomia il tuo abbonamento, attivandolo, sospendendolo o annullandolo tramite il tuo account Paypal.<\/p>\n<p><strong>D: L\u2019ABBONAMENTO \u00c8 A TEMPO INDETERMINATO O SI PU\u00d2 SOSPENDERE?<\/strong><\/p>\n<p>R: Ogni abbonamento non ha obbligo di durata\u00a0e puoi sospendere in autonomia in qualsiasi momento tramite il tuo profilo Paypal.<\/p>\n<p><strong>D: POSSO USARE CARTE PREPAGATE PER IL PAGAMENTO?<\/strong><\/p>\n<p>R: Si, puoi usare la carte prepagate ma solo via Paypal perch\u00e9 Stripe attualmente non le supporta. Se non hai un account Paypal non preoccuparti\u00a0perch\u00e9 cliccando su &#8220;Paga con la carta&#8221; puoi usarlo come sistema di pagamento classico, anche senza un account\u00a0Paypal attivo.<\/p>\n<p>Per gli abbonamenti Paypal ti permette di usare le carte di credito prepagate ma in questo caso noi\u00a0consigliamo sempre di usare una carta di credito classica, altrimenti devi ricordarti di ricaricare la tua carta ogni mese dell&#8217;importo dell&#8217;abbonamento se non vuoi rischiare\u00a0di non veder rinnovato il tuo abbonamento in caso di mancanza fondi.<\/p>\n<p><strong>D: COSA PENSANO E DICONO DI VOI I CLIENTI E\u00a0CHI HA GI\u00c0 PROVATO IL SERVIZIO?<\/strong><\/p>\n<p>R: Cerchiamo sempre di fare felici\u00a0tutti i nostri clienti per tutto quanto \u00e8 in nostro potere, dando loro un servizio sempre ai massimi livelli. Ti invitiamo a leggere alcune opinioni su\u00a0di noi e sulla qualit\u00e0 del servizio offerto:\u00a0<a href=\"http:\/\/www.comunicatistampa.net\/comunicati\/testimonianze\/\" target=\"_blank\">www.comunicatistampa.net\/comunicati\/testimonianze\/<\/a><\/p>\n<p style=\"text-align: right;\">.<\/p>\n<p style=\"text-align: center;\">Se hai altre domande specifiche a cui non hai trovato una risposta scrivici una email a\u00a0<a href=\"mailto:info@comunicatistampa.net\">info@comunicatistampa.net<\/a>\u00a0oppure contattaci dalla chat di assistenza tramite la finestrella di colore verde che trovi in basso a destra del tuo schermo in queste pagine e saremo felici di assisterti ed aiutarti nel miglior modo possibile.<\/p>\n<p style=\"text-align: center;\">Se preferisci puoi sempre chiamarci al numero 02 5656 7220 e saremo felici di rispondere alle tue domande, dubbi o richieste di delucidazioni o assistenza!<\/p>\n","protected":false},"excerpt":{"rendered":"<p>. D: COME FUNZIONA IL SERVIZIO? COSA SUCCEDE DOPO IL PAGAMENTO? R: Dopo il pagamento ti verranno specificati i semplici passi per inviare il tuo comunicato stampa tramite il nostro servizio. Entro le 24 ore successive il tuo comunicato sar\u00e0 sottoposto a revisione ed invio da parte del nostro team di professionisti. Controlleremo minuziosamente il [&hellip;]<\/p>\n","protected":false},"author":1,"featured_media":0,"parent":0,"menu_order":0,"comment_status":"closed","ping_status":"closed","template":"","meta":{"footnotes":""},"class_list":["post-911","page","type-page","status-publish","hentry"],"jetpack_sharing_enabled":true,"jetpack_shortlink":"https:\/\/wp.me\/P5f3q2-eH","_links":{"self":[{"href":"https:\/\/www.comunicatistampa.net\/comunicati\/wp-json\/wp\/v2\/pages\/911","targetHints":{"allow":["GET"]}}],"collection":[{"href":"https:\/\/www.comunicatistampa.net\/comunicati\/wp-json\/wp\/v2\/pages"}],"about":[{"href":"https:\/\/www.comunicatistampa.net\/comunicati\/wp-json\/wp\/v2\/types\/page"}],"author":[{"embeddable":true,"href":"https:\/\/www.comunicatistampa.net\/comunicati\/wp-json\/wp\/v2\/users\/1"}],"replies":[{"embeddable":true,"href":"https:\/\/www.comunicatistampa.net\/comunicati\/wp-json\/wp\/v2\/comments?post=911"}],"version-history":[{"count":0,"href":"https:\/\/www.comunicatistampa.net\/comunicati\/wp-json\/wp\/v2\/pages\/911\/revisions"}],"wp:attachment":[{"href":"https:\/\/www.comunicatistampa.net\/comunicati\/wp-json\/wp\/v2\/media?parent=911"}],"curies":[{"name":"wp","href":"https:\/\/api.w.org\/{rel}","templated":true}]}}