{"id":269,"date":"2014-12-10T23:40:49","date_gmt":"2014-12-10T23:40:49","guid":{"rendered":"http:\/\/www.comunicatistampa.net\/comunicati\/?page_id=269"},"modified":"2019-01-02T21:24:55","modified_gmt":"2019-01-02T19:24:55","slug":"email-giornalisti","status":"publish","type":"page","link":"https:\/\/www.comunicatistampa.net\/comunicati\/email-giornalisti\/","title":{"rendered":"INDIRIZZI EMAIL DEI GIORNALISTI"},"content":{"rendered":"<h3 style=\"text-align: center;\"><span style=\"color: #3366ff;\">ECCO COME AVERE UNA RUBRICA COMPLETA CON TUTTE LE EMAIL DEI GIORNALISTI E DEI MEDIA ITALIANI:\u00a0GIORNALI, TV, RADIO, AGENZIE, SITI WEB E BLOG PI\u00d9 INFLUENTI A PORTATA DI CLICK!<\/span><\/h3>\n<p>&nbsp;<\/p>\n<p style=\"text-align: center;\"><strong>L&#8217;unico database in Italia completo e aggiornato sempre a tua disposizione online con le<\/strong> <strong>email di tutti i giornalisti, media italiani, redazioni, agenzie stampa, periodici e testate\u00a0<\/strong><b>cartacee e online<\/b><\/p>\n<p style=\"text-align: center;\"><a href=\"http:\/\/www.comunicatistampa.net\/comunicati\/wp-content\/uploads\/2014\/12\/invio-comunicati-email-multiple.png\"><img decoding=\"async\" class=\"aligncenter wp-image-222\" src=\"http:\/\/www.comunicatistampa.net\/comunicati\/wp-content\/uploads\/2014\/12\/invio-comunicati-email-multiple-1020x1024.png\" alt=\"Invio comunicati email multiple\" width=\"285\" height=\"287\" srcset=\"https:\/\/www.comunicatistampa.net\/comunicati\/wp-content\/uploads\/2014\/12\/invio-comunicati-email-multiple-1020x1024.png 1020w, https:\/\/www.comunicatistampa.net\/comunicati\/wp-content\/uploads\/2014\/12\/invio-comunicati-email-multiple-150x150.png 150w, https:\/\/www.comunicatistampa.net\/comunicati\/wp-content\/uploads\/2014\/12\/invio-comunicati-email-multiple.png 1276w\" sizes=\"(max-width: 285px) 100vw, 285px\" \/><\/a><\/p>\n<p style=\"text-align: left;\">Oggi chi deve inviare comunicati stampa ha di fronte 2 alternative: il fai da te o l&#8217;acquisto di costosi database di email di giornalisti e redazioni.<\/p>\n<p style=\"text-align: left;\">Entrambe le soluzioni comportano dei gravi\u00a0problemi e sono sconsigliate.<\/p>\n<p style=\"text-align: left;\">Il <strong>fai da te<\/strong> \u00e8 molto complicato, perch\u00e9 comporta <strong>perdite di tempo, fatica e difficolt\u00e0<\/strong> non indifferenti per <strong>cercare le email giuste:\u00a0<\/strong>sono necessari molti mesi, se non anni, per raccogliere le email di tutti i media italiani.<\/p>\n<p style=\"text-align: left;\">Riguardo<strong> l&#8217;acquisto\u00a0dei database con email di giornalisti e redazioni <\/strong>questa si rivela una soluzione<strong>\u00a0costosa e poco efficace\u00a0<\/strong>perch\u00e9<b>\u00a0<\/b><strong>ti<\/strong>\u00a0<strong>promettono un gran\u00a0numero di contatti <\/strong>ma\u00a0in realt\u00e0 chi ha comprato questi soluzioni ha scoperto, dopo aver speso centinaia e centinaia di euro, che delle decine di migliaia di contatti sbandierati si trovano <strong>solo qualche migliaio di contatti reali e molti senza email.<\/strong>\u00a0Delle<strong>\u00a0email <\/strong>offerte<strong>\u00a0<\/strong>molte\u00a0sono <strong>obsolete<\/strong> e <strong>non pi\u00f9 funzionanti<\/strong>, restringendo ancora di pi\u00f9 il numero delle email di redazioni e giornalisti effettivamente funzionanti.<\/p>\n<p style=\"text-align: left;\">Diffida anche di uffici stampa o servizi che promettono 50\/60.000 contatti perch\u00e9 sono dei numeri gonfiati e non reali, sbandierati solo per attirare clienti inconsapevoli.<\/p>\n<p style=\"text-align: left;\">ComunicatiStampa.net al contrario mette <strong>a tua disposizione ben oltre 9.000 email reali ed attive di redazioni e giornalisti<\/strong>, raccolte in anni\u00a0di lavoro di ricerca sul campo e continuamente aggiornate dal nostro team.<\/p>\n<p style=\"text-align: left;\">Usando il nostro ufficio stampa online\u00a0<strong>non dovrai pi\u00f9 preoccuparti di raccogliere indirizzi e di aggiornarli<\/strong> perch\u00e9 penseremo a tutto noi, aggiornando\u00a0le email che hanno smesso di funzionare con i nuovi indirizzi.<\/p>\n<p style=\"text-align: left;\">ComunicatiStampa.net \u00e8 <strong>ideale per chi non ha una rubrica media e non vuole perdere mesi di tempo e fatica nella raccolta degli indirizzi email. <\/strong><\/p>\n<p style=\"text-align: left;\">Nel caso\u00a0hai gi\u00e0 un <strong>tuo\u00a0database di email di giornalisti<\/strong>\u00a0ed un tuo\u00a0metodo di lavoro che non vuoi\u00a0abbandonare potresti trovare utile usare ComunicatiStampa.net come<strong>\u00a0integrazione al tuo\u00a0modo di lavorare<\/strong>\u00a0in modo da\u00a0<strong>amplificare di molto i risultati\u00a0delle campagne stampa<\/strong> e portarle ad un livello superiore di attenzione e di risonanza mai avute prima.<\/p>\n<h4 style=\"text-align: center;\"><a title=\"invio comunicati stampa\" href=\"http:\/\/www.comunicatistampa.net\/invio\">SCOPRI \u00a0COME\u00a0POTENZIARE LE TUE CAMPAGNE DI COMUNICAZIONE E MARKETING CON COMUNICATI STAMPA.NET<\/a><\/h4>\n","protected":false},"excerpt":{"rendered":"<p>ECCO COME AVERE UNA RUBRICA COMPLETA CON TUTTE LE EMAIL DEI GIORNALISTI E DEI MEDIA ITALIANI:\u00a0GIORNALI, TV, RADIO, AGENZIE, SITI WEB E BLOG PI\u00d9 INFLUENTI A PORTATA DI CLICK! &nbsp; L&#8217;unico database in Italia completo e aggiornato sempre a tua disposizione online con le email di tutti i giornalisti, media italiani, redazioni, agenzie stampa, periodici [&hellip;]<\/p>\n","protected":false},"author":1,"featured_media":0,"parent":0,"menu_order":0,"comment_status":"open","ping_status":"open","template":"","meta":{"footnotes":""},"class_list":["post-269","page","type-page","status-publish","hentry"],"jetpack_sharing_enabled":true,"jetpack_shortlink":"https:\/\/wp.me\/P5f3q2-4l","_links":{"self":[{"href":"https:\/\/www.comunicatistampa.net\/comunicati\/wp-json\/wp\/v2\/pages\/269","targetHints":{"allow":["GET"]}}],"collection":[{"href":"https:\/\/www.comunicatistampa.net\/comunicati\/wp-json\/wp\/v2\/pages"}],"about":[{"href":"https:\/\/www.comunicatistampa.net\/comunicati\/wp-json\/wp\/v2\/types\/page"}],"author":[{"embeddable":true,"href":"https:\/\/www.comunicatistampa.net\/comunicati\/wp-json\/wp\/v2\/users\/1"}],"replies":[{"embeddable":true,"href":"https:\/\/www.comunicatistampa.net\/comunicati\/wp-json\/wp\/v2\/comments?post=269"}],"version-history":[{"count":3,"href":"https:\/\/www.comunicatistampa.net\/comunicati\/wp-json\/wp\/v2\/pages\/269\/revisions"}],"predecessor-version":[{"id":1166,"href":"https:\/\/www.comunicatistampa.net\/comunicati\/wp-json\/wp\/v2\/pages\/269\/revisions\/1166"}],"wp:attachment":[{"href":"https:\/\/www.comunicatistampa.net\/comunicati\/wp-json\/wp\/v2\/media?parent=269"}],"curies":[{"name":"wp","href":"https:\/\/api.w.org\/{rel}","templated":true}]}}